{"id":32,"date":"2016-12-19T23:24:03","date_gmt":"2016-12-19T23:24:03","guid":{"rendered":"http:\/\/osmosisredovan.umh.es\/?page_id=32"},"modified":"2016-12-19T23:56:25","modified_gmt":"2016-12-19T23:56:25","slug":"elaboracion-de-pan-influencia-del-tipo-de-harina-en-las-caracteristicas-de-la-miga-de-pan","status":"publish","type":"page","link":"https:\/\/osmosisredovan.umh.es\/en\/actividades-del-proyecto\/elaboracion-de-pan-influencia-del-tipo-de-harina-en-las-caracteristicas-de-la-miga-de-pan\/","title":{"rendered":"<span lang=\"es\">(Espa\u00f1ol) ELABORACI\u00d3N DE PAN: INFLUENCIA DEL TIPO DE HARINA EN LAS CARACTER\u00cdSTICAS DE LA MIGA DE PAN<\/span>"},"content":{"rendered":"<p class=\"qtranxs-available-languages-message qtranxs-available-languages-message-en\">Sorry, this entry is only available in <a href=\"https:\/\/osmosisredovan.umh.es\/es\/wp-json\/wp\/v2\/pages\/32\" class=\"qtranxs-available-language-link qtranxs-available-language-link-es\" title=\"Espa\u00f1ol\">European Spanish<\/a>.<\/p>","protected":false},"excerpt":{"rendered":"<p>Sorry, this entry is only available in European Spanish.<\/p>\n","protected":false},"author":676,"featured_media":0,"parent":24,"menu_order":10,"comment_status":"closed","ping_status":"closed","template":"","meta":{"_links_to":"","_links_to_target":""},"_links":{"self":[{"href":"https:\/\/osmosisredovan.umh.es\/en\/wp-json\/wp\/v2\/pages\/32"}],"collection":[{"href":"https:\/\/osmosisredovan.umh.es\/en\/wp-json\/wp\/v2\/pages"}],"about":[{"href":"https:\/\/osmosisredovan.umh.es\/en\/wp-json\/wp\/v2\/types\/page"}],"author":[{"embeddable":true,"href":"https:\/\/osmosisredovan.umh.es\/en\/wp-json\/wp\/v2\/users\/676"}],"replies":[{"embeddable":true,"href":"https:\/\/osmosisredovan.umh.es\/en\/wp-json\/wp\/v2\/comments?post=32"}],"version-history":[{"count":0,"href":"https:\/\/osmosisredovan.umh.es\/en\/wp-json\/wp\/v2\/pages\/32\/revisions"}],"up":[{"embeddable":true,"href":"https:\/\/osmosisredovan.umh.es\/en\/wp-json\/wp\/v2\/pages\/24"}],"wp:attachment":[{"href":"https:\/\/osmosisredovan.umh.es\/en\/wp-json\/wp\/v2\/media?parent=32"}],"curies":[{"name":"wp","href":"https:\/\/api.w.org\/{rel}","templated":true}]}}