{"id":33,"date":"2016-12-19T23:24:31","date_gmt":"2016-12-19T23:24:31","guid":{"rendered":"http:\/\/osmosisredovan.umh.es\/?page_id=33"},"modified":"2016-12-19T23:47:32","modified_gmt":"2016-12-19T23:47:32","slug":"elaboracion-de-magdalenas-para-sectores-especiales-de-poblacion-celiacos-y-diabeticos","status":"publish","type":"page","link":"https:\/\/osmosisredovan.umh.es\/ca\/actividades-del-proyecto\/elaboracion-de-magdalenas-para-sectores-especiales-de-poblacion-celiacos-y-diabeticos\/","title":{"rendered":"<span lang=\"es\">(Espa\u00f1ol) ELABORACI\u00d3N DE MAGDALENAS PARA SECTORES ESPECIALES DE POBLACI\u00d3N (celiacos y diab\u00e9ticos)<\/span>"},"content":{"rendered":"<p class=\"qtranxs-available-languages-message qtranxs-available-languages-message-ca\">Ho sentim, aquesta entrada es troba disponible \u00fanicament en <a href=\"https:\/\/osmosisredovan.umh.es\/es\/wp-json\/wp\/v2\/pages\/33\" class=\"qtranxs-available-language-link qtranxs-available-language-link-es\" title=\"Espa\u00f1ol\">Espanyol Europeu<\/a>.<\/p>","protected":false},"excerpt":{"rendered":"<p>Ho sentim, aquesta entrada es troba disponible \u00fanicament en Espanyol Europeu.<\/p>\n","protected":false},"author":676,"featured_media":0,"parent":24,"menu_order":20,"comment_status":"closed","ping_status":"closed","template":"","meta":{"_links_to":"","_links_to_target":""},"_links":{"self":[{"href":"https:\/\/osmosisredovan.umh.es\/ca\/wp-json\/wp\/v2\/pages\/33"}],"collection":[{"href":"https:\/\/osmosisredovan.umh.es\/ca\/wp-json\/wp\/v2\/pages"}],"about":[{"href":"https:\/\/osmosisredovan.umh.es\/ca\/wp-json\/wp\/v2\/types\/page"}],"author":[{"embeddable":true,"href":"https:\/\/osmosisredovan.umh.es\/ca\/wp-json\/wp\/v2\/users\/676"}],"replies":[{"embeddable":true,"href":"https:\/\/osmosisredovan.umh.es\/ca\/wp-json\/wp\/v2\/comments?post=33"}],"version-history":[{"count":0,"href":"https:\/\/osmosisredovan.umh.es\/ca\/wp-json\/wp\/v2\/pages\/33\/revisions"}],"up":[{"embeddable":true,"href":"https:\/\/osmosisredovan.umh.es\/ca\/wp-json\/wp\/v2\/pages\/24"}],"wp:attachment":[{"href":"https:\/\/osmosisredovan.umh.es\/ca\/wp-json\/wp\/v2\/media?parent=33"}],"curies":[{"name":"wp","href":"https:\/\/api.w.org\/{rel}","templated":true}]}}