{"id":31,"date":"2016-12-19T23:23:09","date_gmt":"2016-12-19T23:23:09","guid":{"rendered":"http:\/\/osmosisredovan.umh.es\/?page_id=31"},"modified":"2016-12-19T23:55:48","modified_gmt":"2016-12-19T23:55:48","slug":"evaluacion-del-estado-de-madurez-y-adecuacion-para-la-comercializacion-de-frutos-citricos","status":"publish","type":"page","link":"https:\/\/osmosisredovan.umh.es\/ca\/actividades-del-proyecto\/evaluacion-del-estado-de-madurez-y-adecuacion-para-la-comercializacion-de-frutos-citricos\/","title":{"rendered":"<span lang=\"es\">(Espa\u00f1ol) EVALUACI\u00d3N DEL ESTADO DE MADUREZ Y ADECUACI\u00d3N PARA LA COMERCIALIZACI\u00d3N DE FRUTOS C\u00cdTRICOS<\/span>"},"content":{"rendered":"<p class=\"qtranxs-available-languages-message qtranxs-available-languages-message-ca\">Ho sentim, aquesta entrada es troba disponible \u00fanicament en <a href=\"https:\/\/osmosisredovan.umh.es\/es\/wp-json\/wp\/v2\/pages\/31\" class=\"qtranxs-available-language-link qtranxs-available-language-link-es\" title=\"Espa\u00f1ol\">Espanyol Europeu<\/a>.<\/p>","protected":false},"excerpt":{"rendered":"<p>Ho sentim, aquesta entrada es troba disponible \u00fanicament en Espanyol Europeu.<\/p>\n","protected":false},"author":676,"featured_media":0,"parent":24,"menu_order":0,"comment_status":"closed","ping_status":"closed","template":"","meta":{"_links_to":"","_links_to_target":""},"_links":{"self":[{"href":"https:\/\/osmosisredovan.umh.es\/ca\/wp-json\/wp\/v2\/pages\/31"}],"collection":[{"href":"https:\/\/osmosisredovan.umh.es\/ca\/wp-json\/wp\/v2\/pages"}],"about":[{"href":"https:\/\/osmosisredovan.umh.es\/ca\/wp-json\/wp\/v2\/types\/page"}],"author":[{"embeddable":true,"href":"https:\/\/osmosisredovan.umh.es\/ca\/wp-json\/wp\/v2\/users\/676"}],"replies":[{"embeddable":true,"href":"https:\/\/osmosisredovan.umh.es\/ca\/wp-json\/wp\/v2\/comments?post=31"}],"version-history":[{"count":0,"href":"https:\/\/osmosisredovan.umh.es\/ca\/wp-json\/wp\/v2\/pages\/31\/revisions"}],"up":[{"embeddable":true,"href":"https:\/\/osmosisredovan.umh.es\/ca\/wp-json\/wp\/v2\/pages\/24"}],"wp:attachment":[{"href":"https:\/\/osmosisredovan.umh.es\/ca\/wp-json\/wp\/v2\/media?parent=31"}],"curies":[{"name":"wp","href":"https:\/\/api.w.org\/{rel}","templated":true}]}}