{"id":21,"date":"2016-12-18T12:38:50","date_gmt":"2016-12-18T12:38:50","guid":{"rendered":"http:\/\/osmosisredovan.umh.es\/?page_id=21"},"modified":"2016-12-18T17:03:25","modified_gmt":"2016-12-18T17:03:25","slug":"enumeracion-descripcion-y-justificacion-de-las-acciones-concretas-a-desarrollar","status":"publish","type":"page","link":"https:\/\/osmosisredovan.umh.es\/ca\/memoria-del-proyecto\/enumeracion-descripcion-y-justificacion-de-las-acciones-concretas-a-desarrollar\/","title":{"rendered":"<span lang=\"es\">(Espa\u00f1ol) ENUMERACI\u00d3N, DESCRIPCI\u00d3N Y JUSTIFICACI\u00d3N DE LAS ACCIONES CONCRETAS A DESARROLLAR<\/span>"},"content":{"rendered":"<p class=\"qtranxs-available-languages-message qtranxs-available-languages-message-ca\">Ho sentim, aquesta entrada es troba disponible \u00fanicament en <a href=\"https:\/\/osmosisredovan.umh.es\/es\/wp-json\/wp\/v2\/pages\/21\" class=\"qtranxs-available-language-link qtranxs-available-language-link-es\" title=\"Espa\u00f1ol\">Espanyol Europeu<\/a>.<\/p>","protected":false},"excerpt":{"rendered":"<p>Ho sentim, aquesta entrada es troba disponible \u00fanicament en Espanyol Europeu.<\/p>\n","protected":false},"author":676,"featured_media":0,"parent":17,"menu_order":20,"comment_status":"closed","ping_status":"closed","template":"","meta":{"_links_to":"","_links_to_target":""},"_links":{"self":[{"href":"https:\/\/osmosisredovan.umh.es\/ca\/wp-json\/wp\/v2\/pages\/21"}],"collection":[{"href":"https:\/\/osmosisredovan.umh.es\/ca\/wp-json\/wp\/v2\/pages"}],"about":[{"href":"https:\/\/osmosisredovan.umh.es\/ca\/wp-json\/wp\/v2\/types\/page"}],"author":[{"embeddable":true,"href":"https:\/\/osmosisredovan.umh.es\/ca\/wp-json\/wp\/v2\/users\/676"}],"replies":[{"embeddable":true,"href":"https:\/\/osmosisredovan.umh.es\/ca\/wp-json\/wp\/v2\/comments?post=21"}],"version-history":[{"count":0,"href":"https:\/\/osmosisredovan.umh.es\/ca\/wp-json\/wp\/v2\/pages\/21\/revisions"}],"up":[{"embeddable":true,"href":"https:\/\/osmosisredovan.umh.es\/ca\/wp-json\/wp\/v2\/pages\/17"}],"wp:attachment":[{"href":"https:\/\/osmosisredovan.umh.es\/ca\/wp-json\/wp\/v2\/media?parent=21"}],"curies":[{"name":"wp","href":"https:\/\/api.w.org\/{rel}","templated":true}]}}